{"id":882,"date":"2020-08-19T13:46:13","date_gmt":"2020-08-19T16:46:13","guid":{"rendered":"http:\/\/sedesur.unsa.edu.ar\/?page_id=882"},"modified":"2025-12-23T09:02:58","modified_gmt":"2025-12-23T12:02:58","slug":"licenciatura-en-administracion","status":"publish","type":"page","link":"https:\/\/sedesur.unsa.edu.ar\/index.php\/carreras\/licenciatura-en-administracion\/","title":{"rendered":"Licenciatura en Administraci\u00f3n"},"content":{"rendered":"\t\t<div data-elementor-type=\"wp-page\" data-elementor-id=\"882\" class=\"elementor elementor-882\">\n\t\t\t\t\t\t<section class=\"elementor-section elementor-top-section elementor-element elementor-element-3edafdaa elementor-section-content-middle elementor-section-boxed elementor-section-height-default elementor-section-height-default\" data-id=\"3edafdaa\" data-element_type=\"section\" data-e-type=\"section\">\n\t\t\t\t\t\t<div class=\"elementor-container elementor-column-gap-no\">\n\t\t\t\t\t<div class=\"elementor-column elementor-col-100 elementor-top-column elementor-element elementor-element-62da6b40\" data-id=\"62da6b40\" data-element_type=\"column\" data-e-type=\"column\">\n\t\t\t<div class=\"elementor-widget-wrap elementor-element-populated\">\n\t\t\t\t\t\t<section class=\"elementor-section elementor-inner-section elementor-element elementor-element-5070b30d elementor-section-content-middle elementor-section-boxed elementor-section-height-default elementor-section-height-default\" data-id=\"5070b30d\" data-element_type=\"section\" data-e-type=\"section\">\n\t\t\t\t\t\t<div class=\"elementor-container elementor-column-gap-no\">\n\t\t\t\t\t<div class=\"elementor-column elementor-col-25 elementor-inner-column elementor-element elementor-element-2b28015f\" data-id=\"2b28015f\" data-element_type=\"column\" data-e-type=\"column\">\n\t\t\t<div class=\"elementor-widget-wrap elementor-element-populated\">\n\t\t\t\t\t\t<div class=\"elementor-element elementor-element-7c861332 elementor-position-top elementor-widget elementor-widget-image-box\" data-id=\"7c861332\" data-element_type=\"widget\" data-e-type=\"widget\" data-widget_type=\"image-box.default\">\n\t\t\t\t<div class=\"elementor-widget-container\">\n\t\t\t\t\t<div class=\"elementor-image-box-wrapper\"><figure class=\"elementor-image-box-img\"><a href=\"https:\/\/autogestiong3.unsa.edu.ar\/autogestion\/acceso\/\" tabindex=\"-1\"><img decoding=\"async\" width=\"268\" height=\"150\" src=\"https:\/\/sedesur.unsa.edu.ar\/wp-content\/uploads\/2020\/08\/LOGO_SIU.png\" class=\"elementor-animation-grow attachment-medium_large size-medium_large wp-image-998\" alt=\"\" \/><\/a><\/figure><div class=\"elementor-image-box-content\"><h3 class=\"elementor-image-box-title\"><a href=\"https:\/\/autogestiong3.unsa.edu.ar\/autogestion\/acceso\/\">SIU Guarani<\/a><\/h3><p class=\"elementor-image-box-description\">Sistema de Gesti\u00f3n Acad\u00e9mica <\/p><\/div><\/div>\t\t\t\t<\/div>\n\t\t\t\t<\/div>\n\t\t\t\t\t<\/div>\n\t\t<\/div>\n\t\t\t\t<div class=\"elementor-column elementor-col-25 elementor-inner-column elementor-element elementor-element-866d1b3\" data-id=\"866d1b3\" data-element_type=\"column\" data-e-type=\"column\">\n\t\t\t<div class=\"elementor-widget-wrap elementor-element-populated\">\n\t\t\t\t\t\t<div class=\"elementor-element elementor-element-e0b3d4c elementor-position-top elementor-widget elementor-widget-image-box\" data-id=\"e0b3d4c\" data-element_type=\"widget\" data-e-type=\"widget\" data-widget_type=\"image-box.default\">\n\t\t\t\t<div class=\"elementor-widget-container\">\n\t\t\t\t\t<div class=\"elementor-image-box-wrapper\"><figure class=\"elementor-image-box-img\"><a href=\"https:\/\/moodlesedesur.unsa.edu.ar\/\" tabindex=\"-1\"><img fetchpriority=\"high\" decoding=\"async\" width=\"768\" height=\"316\" src=\"https:\/\/sedesur.unsa.edu.ar\/wp-content\/uploads\/2020\/08\/moodle-768x316.png\" class=\"elementor-animation-grow attachment-medium_large size-medium_large wp-image-1001\" alt=\"\" srcset=\"https:\/\/sedesur.unsa.edu.ar\/wp-content\/uploads\/2020\/08\/moodle-768x316.png 768w, https:\/\/sedesur.unsa.edu.ar\/wp-content\/uploads\/2020\/08\/moodle-300x123.png 300w, https:\/\/sedesur.unsa.edu.ar\/wp-content\/uploads\/2020\/08\/moodle-360x148.png 360w, https:\/\/sedesur.unsa.edu.ar\/wp-content\/uploads\/2020\/08\/moodle.png 900w\" sizes=\"(max-width: 768px) 100vw, 768px\" \/><\/a><\/figure><div class=\"elementor-image-box-content\"><h3 class=\"elementor-image-box-title\"><a href=\"https:\/\/moodlesedesur.unsa.edu.ar\/\">Sede Sur<\/a><\/h3><p class=\"elementor-image-box-description\">Plataforma Educactiva<\/p><\/div><\/div>\t\t\t\t<\/div>\n\t\t\t\t<\/div>\n\t\t\t\t\t<\/div>\n\t\t<\/div>\n\t\t\t\t<div class=\"elementor-column elementor-col-25 elementor-inner-column elementor-element elementor-element-7feac773\" data-id=\"7feac773\" data-element_type=\"column\" data-e-type=\"column\">\n\t\t\t<div class=\"elementor-widget-wrap elementor-element-populated\">\n\t\t\t\t\t\t<div class=\"elementor-element elementor-element-645ad994 elementor-position-top elementor-widget elementor-widget-image-box\" data-id=\"645ad994\" data-element_type=\"widget\" data-e-type=\"widget\" data-widget_type=\"image-box.default\">\n\t\t\t\t<div class=\"elementor-widget-container\">\n\t\t\t\t\t<div class=\"elementor-image-box-wrapper\"><figure class=\"elementor-image-box-img\"><a href=\"https:\/\/moodleeco.unsa.edu.ar\/\" tabindex=\"-1\"><img fetchpriority=\"high\" decoding=\"async\" width=\"768\" height=\"316\" src=\"https:\/\/sedesur.unsa.edu.ar\/wp-content\/uploads\/2020\/08\/moodle-768x316.png\" class=\"elementor-animation-grow attachment-medium_large size-medium_large wp-image-1001\" alt=\"\" srcset=\"https:\/\/sedesur.unsa.edu.ar\/wp-content\/uploads\/2020\/08\/moodle-768x316.png 768w, https:\/\/sedesur.unsa.edu.ar\/wp-content\/uploads\/2020\/08\/moodle-300x123.png 300w, https:\/\/sedesur.unsa.edu.ar\/wp-content\/uploads\/2020\/08\/moodle-360x148.png 360w, https:\/\/sedesur.unsa.edu.ar\/wp-content\/uploads\/2020\/08\/moodle.png 900w\" sizes=\"(max-width: 768px) 100vw, 768px\" \/><\/a><\/figure><div class=\"elementor-image-box-content\"><h3 class=\"elementor-image-box-title\"><a href=\"https:\/\/moodleeco.unsa.edu.ar\/\">Econ\u00f3micas<\/a><\/h3><p class=\"elementor-image-box-description\">Plataforma Educactiva<\/p><\/div><\/div>\t\t\t\t<\/div>\n\t\t\t\t<\/div>\n\t\t\t\t\t<\/div>\n\t\t<\/div>\n\t\t\t\t<div class=\"elementor-column elementor-col-25 elementor-inner-column elementor-element elementor-element-654954e8\" data-id=\"654954e8\" data-element_type=\"column\" data-e-type=\"column\">\n\t\t\t<div class=\"elementor-widget-wrap elementor-element-populated\">\n\t\t\t\t\t\t<div class=\"elementor-element elementor-element-3a60157c elementor-position-top elementor-widget elementor-widget-image-box\" data-id=\"3a60157c\" data-element_type=\"widget\" data-e-type=\"widget\" data-widget_type=\"image-box.default\">\n\t\t\t\t<div class=\"elementor-widget-container\">\n\t\t\t\t\t<div class=\"elementor-image-box-wrapper\"><figure class=\"elementor-image-box-img\"><a href=\"https:\/\/economicas.unsa.edu.ar\/web\/index.php\/carreras\/licenciatura-en-administracion\" tabindex=\"-1\"><img decoding=\"async\" width=\"256\" height=\"256\" src=\"https:\/\/sedesur.unsa.edu.ar\/wp-content\/uploads\/2020\/08\/flyer.png\" class=\"elementor-animation-grow attachment-medium_large size-medium_large wp-image-995\" alt=\"\" srcset=\"https:\/\/sedesur.unsa.edu.ar\/wp-content\/uploads\/2020\/08\/flyer.png 256w, https:\/\/sedesur.unsa.edu.ar\/wp-content\/uploads\/2020\/08\/flyer-150x150.png 150w\" sizes=\"(max-width: 256px) 100vw, 256px\" \/><\/a><\/figure><div class=\"elementor-image-box-content\"><h3 class=\"elementor-image-box-title\"><a href=\"https:\/\/economicas.unsa.edu.ar\/web\/index.php\/carreras\/licenciatura-en-administracion\">Plan de Estudio<\/a><\/h3><p class=\"elementor-image-box-description\">Listado de materias<\/p><\/div><\/div>\t\t\t\t<\/div>\n\t\t\t\t<\/div>\n\t\t\t\t\t<\/div>\n\t\t<\/div>\n\t\t\t\t\t<\/div>\n\t\t<\/section>\n\t\t\t\t\t<\/div>\n\t\t<\/div>\n\t\t\t\t\t<\/div>\n\t\t<\/section>\n\t\t\t\t<section class=\"elementor-section elementor-top-section elementor-element elementor-element-2295238 elementor-section-boxed elementor-section-height-default elementor-section-height-default\" data-id=\"2295238\" data-element_type=\"section\" data-e-type=\"section\">\n\t\t\t\t\t\t<div class=\"elementor-container elementor-column-gap-default\">\n\t\t\t\t\t<div class=\"elementor-column elementor-col-100 elementor-top-column elementor-element elementor-element-bbaed27\" data-id=\"bbaed27\" data-element_type=\"column\" data-e-type=\"column\">\n\t\t\t<div class=\"elementor-widget-wrap elementor-element-populated\">\n\t\t\t\t\t\t<div class=\"elementor-element elementor-element-1dfcd42 elementor-widget elementor-widget-video\" data-id=\"1dfcd42\" data-element_type=\"widget\" data-e-type=\"widget\" data-settings=\"{&quot;video_type&quot;:&quot;hosted&quot;,&quot;controls&quot;:&quot;yes&quot;}\" data-widget_type=\"video.default\">\n\t\t\t\t<div class=\"elementor-widget-container\">\n\t\t\t\t\t\t\t<div class=\"e-hosted-video elementor-wrapper elementor-open-inline\">\n\t\t\t\t\t<video class=\"elementor-video\" src=\"https:\/\/sedesur.unsa.edu.ar\/wp-content\/uploads\/2025\/12\/Lic.-en-Administracion.mp4\" controls=\"\" preload=\"metadata\" controlsList=\"nodownload\"><\/video>\n\t\t\t\t<\/div>\n\t\t\t\t\t\t<\/div>\n\t\t\t\t<\/div>\n\t\t\t\t\t<\/div>\n\t\t<\/div>\n\t\t\t\t\t<\/div>\n\t\t<\/section>\n\t\t\t\t<section class=\"elementor-section elementor-top-section elementor-element elementor-element-4310e5c elementor-section-boxed elementor-section-height-default elementor-section-height-default\" data-id=\"4310e5c\" data-element_type=\"section\" data-e-type=\"section\">\n\t\t\t\t\t\t<div class=\"elementor-container elementor-column-gap-default\">\n\t\t\t\t\t<div class=\"elementor-column elementor-col-100 elementor-top-column elementor-element elementor-element-6de1b66\" data-id=\"6de1b66\" data-element_type=\"column\" data-e-type=\"column\">\n\t\t\t<div class=\"elementor-widget-wrap elementor-element-populated\">\n\t\t\t\t\t\t<div class=\"elementor-element elementor-element-ef69998 elementor-widget elementor-widget-image\" data-id=\"ef69998\" data-element_type=\"widget\" data-e-type=\"widget\" data-widget_type=\"image.default\">\n\t\t\t\t<div class=\"elementor-widget-container\">\n\t\t\t\t\t\t\t\t\t\t\t\t\t\t\t\t<a href=\"http:\/\/www.biblioeco.unsa.edu.ar\/webbibeco\/\">\n\t\t\t\t\t\t\t<img loading=\"lazy\" decoding=\"async\" width=\"768\" height=\"432\" src=\"https:\/\/sedesur.unsa.edu.ar\/wp-content\/uploads\/2021\/02\/BIBLIOTECA-768x432.jpg\" class=\"attachment-medium_large size-medium_large wp-image-2309\" alt=\"\" srcset=\"https:\/\/sedesur.unsa.edu.ar\/wp-content\/uploads\/2021\/02\/BIBLIOTECA-768x432.jpg 768w, https:\/\/sedesur.unsa.edu.ar\/wp-content\/uploads\/2021\/02\/BIBLIOTECA-300x169.jpg 300w, https:\/\/sedesur.unsa.edu.ar\/wp-content\/uploads\/2021\/02\/BIBLIOTECA-1024x576.jpg 1024w, https:\/\/sedesur.unsa.edu.ar\/wp-content\/uploads\/2021\/02\/BIBLIOTECA-360x203.jpg 360w, https:\/\/sedesur.unsa.edu.ar\/wp-content\/uploads\/2021\/02\/BIBLIOTECA.jpg 1280w\" sizes=\"(max-width: 768px) 100vw, 768px\" \/>\t\t\t\t\t\t\t\t<\/a>\n\t\t\t\t\t\t\t\t\t\t\t\t\t\t\t<\/div>\n\t\t\t\t<\/div>\n\t\t\t\t\t<\/div>\n\t\t<\/div>\n\t\t\t\t\t<\/div>\n\t\t<\/section>\n\t\t\t\t<\/div>\n\t\t","protected":false},"excerpt":{"rendered":"<p>SIU Guarani Sistema de Gesti\u00f3n Acad\u00e9mica Sede Sur Plataforma Educactiva Econ\u00f3micas Plataforma Educactiva Plan de Estudio Listado de materias https:\/\/sedesur.unsa.edu.ar\/wp-content\/uploads\/2025\/12\/Lic.-en-Administracion.mp4<\/p>\n","protected":false},"author":1,"featured_media":0,"parent":26,"menu_order":0,"comment_status":"closed","ping_status":"closed","template":"","meta":{"footnotes":""},"class_list":["post-882","page","type-page","status-publish","hentry"],"_links":{"self":[{"href":"https:\/\/sedesur.unsa.edu.ar\/index.php\/wp-json\/wp\/v2\/pages\/882","targetHints":{"allow":["GET"]}}],"collection":[{"href":"https:\/\/sedesur.unsa.edu.ar\/index.php\/wp-json\/wp\/v2\/pages"}],"about":[{"href":"https:\/\/sedesur.unsa.edu.ar\/index.php\/wp-json\/wp\/v2\/types\/page"}],"author":[{"embeddable":true,"href":"https:\/\/sedesur.unsa.edu.ar\/index.php\/wp-json\/wp\/v2\/users\/1"}],"replies":[{"embeddable":true,"href":"https:\/\/sedesur.unsa.edu.ar\/index.php\/wp-json\/wp\/v2\/comments?post=882"}],"version-history":[{"count":15,"href":"https:\/\/sedesur.unsa.edu.ar\/index.php\/wp-json\/wp\/v2\/pages\/882\/revisions"}],"predecessor-version":[{"id":6317,"href":"https:\/\/sedesur.unsa.edu.ar\/index.php\/wp-json\/wp\/v2\/pages\/882\/revisions\/6317"}],"up":[{"embeddable":true,"href":"https:\/\/sedesur.unsa.edu.ar\/index.php\/wp-json\/wp\/v2\/pages\/26"}],"wp:attachment":[{"href":"https:\/\/sedesur.unsa.edu.ar\/index.php\/wp-json\/wp\/v2\/media?parent=882"}],"curies":[{"name":"wp","href":"https:\/\/api.w.org\/{rel}","templated":true}]}}