{"id":639,"date":"2020-08-17T21:02:28","date_gmt":"2020-08-18T00:02:28","guid":{"rendered":"http:\/\/sedesur.unsa.edu.ar\/?page_id=639"},"modified":"2020-08-19T10:06:09","modified_gmt":"2020-08-19T13:06:09","slug":"becas","status":"publish","type":"page","link":"https:\/\/sedesur.unsa.edu.ar\/index.php\/estudiantes\/becas\/","title":{"rendered":"Becas"},"content":{"rendered":"\t\t<div data-elementor-type=\"wp-page\" data-elementor-id=\"639\" class=\"elementor elementor-639\">\n\t\t\t\t\t\t<section class=\"elementor-section elementor-top-section elementor-element elementor-element-3a6f7537 elementor-section-boxed elementor-section-height-default elementor-section-height-default\" data-id=\"3a6f7537\" data-element_type=\"section\" data-e-type=\"section\">\n\t\t\t\t\t\t<div class=\"elementor-container elementor-column-gap-default\">\n\t\t\t\t\t<div class=\"elementor-column elementor-col-100 elementor-top-column elementor-element elementor-element-2f3c5574\" data-id=\"2f3c5574\" data-element_type=\"column\" data-e-type=\"column\">\n\t\t\t<div class=\"elementor-widget-wrap elementor-element-populated\">\n\t\t\t\t\t\t<div class=\"elementor-element elementor-element-ac2540c elementor-widget elementor-widget-heading\" data-id=\"ac2540c\" data-element_type=\"widget\" data-e-type=\"widget\" data-widget_type=\"heading.default\">\n\t\t\t\t<div class=\"elementor-widget-container\">\n\t\t\t\t\t<h2 class=\"elementor-heading-title elementor-size-default\">Direcci\u00f3n de Becas<\/h2>\t\t\t\t<\/div>\n\t\t\t\t<\/div>\n\t\t\t\t<div class=\"elementor-element elementor-element-1eecd208 elementor-widget elementor-widget-text-editor\" data-id=\"1eecd208\" data-element_type=\"widget\" data-e-type=\"widget\" data-widget_type=\"text-editor.default\">\n\t\t\t\t<div class=\"elementor-widget-container\">\n\t\t\t\t\t\t\t\t\t\n<p><a rel=\"noreferrer noopener\" href=\"http:\/\/becas.unsa.edu.ar\/\" target=\"_blank\">P<\/a><a href=\"http:\/\/becas.unsa.edu.ar\/\" target=\"_blank\" rel=\"noreferrer noopener\">\u00e1<\/a><a rel=\"noreferrer noopener\" href=\"http:\/\/becas.unsa.edu.ar\/\" target=\"_blank\">gina Oficial del Departamento de Becas UNSa<\/a><\/p>\n\t\t\t\t\t\t\t\t<\/div>\n\t\t\t\t<\/div>\n\t\t\t\t\t<\/div>\n\t\t<\/div>\n\t\t\t\t\t<\/div>\n\t\t<\/section>\n\t\t\t\t<section class=\"elementor-section elementor-top-section elementor-element elementor-element-a4c14a2 elementor-section-boxed elementor-section-height-default elementor-section-height-default\" data-id=\"a4c14a2\" data-element_type=\"section\" data-e-type=\"section\">\n\t\t\t\t\t\t<div class=\"elementor-container elementor-column-gap-default\">\n\t\t\t\t\t<div class=\"elementor-column elementor-col-100 elementor-top-column elementor-element elementor-element-7ab18d7\" data-id=\"7ab18d7\" data-element_type=\"column\" data-e-type=\"column\">\n\t\t\t<div class=\"elementor-widget-wrap elementor-element-populated\">\n\t\t\t\t\t\t<div class=\"elementor-element elementor-element-3f164fc elementor-widget elementor-widget-heading\" data-id=\"3f164fc\" data-element_type=\"widget\" data-e-type=\"widget\" data-widget_type=\"heading.default\">\n\t\t\t\t<div class=\"elementor-widget-container\">\n\t\t\t\t\t<h2 class=\"elementor-heading-title elementor-size-default\">Informaci\u00f3n de Interes<\/h2>\t\t\t\t<\/div>\n\t\t\t\t<\/div>\n\t\t\t\t<div class=\"elementor-element elementor-element-4857ce1 elementor-widget elementor-widget-text-editor\" data-id=\"4857ce1\" data-element_type=\"widget\" data-e-type=\"widget\" data-widget_type=\"text-editor.default\">\n\t\t\t\t<div class=\"elementor-widget-container\">\n\t\t\t\t\t\t\t\t\t<p>El becado tiene la obligaci\u00f3n de conocer el <strong><a href=\"http:\/\/becas.unsa.edu.ar\/index.php\/reglamentolat\" target=\"_blank\" rel=\"noopener noreferrer\">Reglamento de Becas.<\/a><\/strong><\/p>\n<p>El Cronograma de Firma de Planillas se encuentra publicado en el siguiente enlace:\u00a0<strong><a href=\"http:\/\/becas.unsa.edu.ar\/index.php\/crono\">CRONOGRAMA.<\/a><\/strong><\/p>\n<p>Lea la documentaci\u00f3n que deber\u00e1 presentar en cada fecha de pago.<\/p>\n<p>Entre el 15 y el 25 de cada mes debe presentarse en Direcci\u00f3n de Becas, para firmar planillas en el horario de 09:00 a 13:00 Hs (Alumnos Universitarios), 09:00 a 13:00 y 15:00 a 17:00 (Alumnos IEM).<\/p>\n<p>Las becas se depositan a mes vencido: firma del 15 al 25 de cada mes\u00a0 y acredita antes del 10 del mes siguiente.<\/p>\n<p>SI NO FIRMA NO ACREDITA.\u00a0Pierde ese mes de Beca.<\/p>\n<p>Tiene que comunicarse si no puede concurrir del 15 al 25 (mail,whatsapp,etc) y presentar certificado correspondiente.<\/p>\n<p>Por disposici\u00f3n de Comisi\u00f3n de Becas, el beneficio ser\u00e1 compatible con Beca PROGRESAR, no as\u00ed con Becas ofrecidas por otras instituciones.<\/p>\t\t\t\t\t\t\t\t<\/div>\n\t\t\t\t<\/div>\n\t\t\t\t\t<\/div>\n\t\t<\/div>\n\t\t\t\t\t<\/div>\n\t\t<\/section>\n\t\t\t\t<section class=\"elementor-section elementor-top-section elementor-element elementor-element-1bea661 elementor-section-boxed elementor-section-height-default elementor-section-height-default\" data-id=\"1bea661\" data-element_type=\"section\" data-e-type=\"section\">\n\t\t\t\t\t\t<div class=\"elementor-container elementor-column-gap-default\">\n\t\t\t\t\t<div class=\"elementor-column elementor-col-100 elementor-top-column elementor-element elementor-element-a4f14e3\" data-id=\"a4f14e3\" data-element_type=\"column\" data-e-type=\"column\">\n\t\t\t<div class=\"elementor-widget-wrap elementor-element-populated\">\n\t\t\t\t\t\t<div class=\"elementor-element elementor-element-36eb2d1 elementor-widget elementor-widget-heading\" data-id=\"36eb2d1\" data-element_type=\"widget\" data-e-type=\"widget\" data-widget_type=\"heading.default\">\n\t\t\t\t<div class=\"elementor-widget-container\">\n\t\t\t\t\t<h2 class=\"elementor-heading-title elementor-size-default\">Novedades<\/h2>\t\t\t\t<\/div>\n\t\t\t\t<\/div>\n\t\t\t\t<div class=\"elementor-element elementor-element-e52288e elementor-widget elementor-widget-text-editor\" data-id=\"e52288e\" data-element_type=\"widget\" data-e-type=\"widget\" data-widget_type=\"text-editor.default\">\n\t\t\t\t<div class=\"elementor-widget-container\">\n\t\t\t\t\t\t\t\t\t<p><a href=\"https:\/\/sedesur.unsa.edu.ar\/index.php\/category\/novedades\/becas\/\">Lee las ultimas novedades en becas<\/a><\/p>\t\t\t\t\t\t\t\t<\/div>\n\t\t\t\t<\/div>\n\t\t\t\t\t<\/div>\n\t\t<\/div>\n\t\t\t\t\t<\/div>\n\t\t<\/section>\n\t\t\t\t<\/div>\n\t\t","protected":false},"excerpt":{"rendered":"<p>Direcci\u00f3n de Becas P\u00e1gina Oficial del Departamento de Becas UNSa Informaci\u00f3n de Interes El becado tiene la obligaci\u00f3n de conocer el Reglamento de Becas. El Cronograma de Firma de Planillas se encuentra publicado en el siguiente enlace:\u00a0CRONOGRAMA. Lea la documentaci\u00f3n <a href=\"https:\/\/sedesur.unsa.edu.ar\/index.php\/estudiantes\/becas\/\" class=\"read-more\">Leer mas &#8230;<\/a><\/p>\n","protected":false},"author":1,"featured_media":0,"parent":637,"menu_order":0,"comment_status":"closed","ping_status":"closed","template":"","meta":{"footnotes":""},"class_list":["post-639","page","type-page","status-publish","hentry"],"_links":{"self":[{"href":"https:\/\/sedesur.unsa.edu.ar\/index.php\/wp-json\/wp\/v2\/pages\/639","targetHints":{"allow":["GET"]}}],"collection":[{"href":"https:\/\/sedesur.unsa.edu.ar\/index.php\/wp-json\/wp\/v2\/pages"}],"about":[{"href":"https:\/\/sedesur.unsa.edu.ar\/index.php\/wp-json\/wp\/v2\/types\/page"}],"author":[{"embeddable":true,"href":"https:\/\/sedesur.unsa.edu.ar\/index.php\/wp-json\/wp\/v2\/users\/1"}],"replies":[{"embeddable":true,"href":"https:\/\/sedesur.unsa.edu.ar\/index.php\/wp-json\/wp\/v2\/comments?post=639"}],"version-history":[{"count":7,"href":"https:\/\/sedesur.unsa.edu.ar\/index.php\/wp-json\/wp\/v2\/pages\/639\/revisions"}],"predecessor-version":[{"id":768,"href":"https:\/\/sedesur.unsa.edu.ar\/index.php\/wp-json\/wp\/v2\/pages\/639\/revisions\/768"}],"up":[{"embeddable":true,"href":"https:\/\/sedesur.unsa.edu.ar\/index.php\/wp-json\/wp\/v2\/pages\/637"}],"wp:attachment":[{"href":"https:\/\/sedesur.unsa.edu.ar\/index.php\/wp-json\/wp\/v2\/media?parent=639"}],"curies":[{"name":"wp","href":"https:\/\/api.w.org\/{rel}","templated":true}]}}