{"id":4390,"date":"2023-06-22T09:17:14","date_gmt":"2023-06-22T12:17:14","guid":{"rendered":"https:\/\/sedesur.unsa.edu.ar\/?page_id=4390"},"modified":"2024-06-07T11:53:40","modified_gmt":"2024-06-07T14:53:40","slug":"graduados","status":"publish","type":"page","link":"https:\/\/sedesur.unsa.edu.ar\/index.php\/inicio\/graduados\/","title":{"rendered":"GRADUADOS"},"content":{"rendered":"\t\t<div data-elementor-type=\"wp-page\" data-elementor-id=\"4390\" class=\"elementor elementor-4390\">\n\t\t\t\t\t\t<section class=\"elementor-section elementor-top-section elementor-element elementor-element-74e0a68 elementor-section-boxed elementor-section-height-default elementor-section-height-default\" data-id=\"74e0a68\" data-element_type=\"section\" data-e-type=\"section\">\n\t\t\t\t\t\t<div class=\"elementor-container elementor-column-gap-default\">\n\t\t\t\t\t<div class=\"elementor-column elementor-col-100 elementor-top-column elementor-element elementor-element-5fb2df6\" data-id=\"5fb2df6\" data-element_type=\"column\" data-e-type=\"column\">\n\t\t\t<div class=\"elementor-widget-wrap elementor-element-populated\">\n\t\t\t\t\t\t<div class=\"elementor-element elementor-element-a08a0e2 elementor-widget elementor-widget-heading\" data-id=\"a08a0e2\" data-element_type=\"widget\" data-e-type=\"widget\" data-widget_type=\"heading.default\">\n\t\t\t\t<div class=\"elementor-widget-container\">\n\t\t\t\t\t<h1 class=\"elementor-heading-title elementor-size-default\">Banco de Graduados<\/h1>\t\t\t\t<\/div>\n\t\t\t\t<\/div>\n\t\t\t\t<div class=\"elementor-element elementor-element-fa5b29a elementor-widget elementor-widget-text-editor\" data-id=\"fa5b29a\" data-element_type=\"widget\" data-e-type=\"widget\" data-widget_type=\"text-editor.default\">\n\t\t\t\t<div class=\"elementor-widget-container\">\n\t\t\t\t\t\t\t\t\t<h2><span style=\"color: #000000;\">Estimados Graduados a fin de generar una base de datos, que nos permita recabar informaci\u00f3n importante que tendr\u00e1 incidencia en los diferentes procesos de acreditaci\u00f3n y tambi\u00e9n para mantenerlos informados de\u00a0 ofertas laborales, cursos de posgrado, progreso de la Sede Regional y novedades de su inter\u00e9s.<\/span><\/h2><h2><span style=\"color: #000000;\">Much\u00edsimas gracias por su participaci\u00f3n.\u00a0<\/span><\/h2>\t\t\t\t\t\t\t\t<\/div>\n\t\t\t\t<\/div>\n\t\t\t\t<div class=\"elementor-element elementor-element-ecef781 elementor-align-center elementor-widget__width-inherit elementor-widget elementor-widget-button\" data-id=\"ecef781\" data-element_type=\"widget\" data-e-type=\"widget\" data-widget_type=\"button.default\">\n\t\t\t\t<div class=\"elementor-widget-container\">\n\t\t\t\t\t\t\t\t\t<div class=\"elementor-button-wrapper\">\n\t\t\t\t\t<a class=\"elementor-button elementor-button-link elementor-size-sm\" href=\"https:\/\/forms.gle\/KCsLKjrgwdLdzaH89\">\n\t\t\t\t\t\t<span class=\"elementor-button-content-wrapper\">\n\t\t\t\t\t\t\t\t\t<span class=\"elementor-button-text\">REGISTRO<\/span>\n\t\t\t\t\t<\/span>\n\t\t\t\t\t<\/a>\n\t\t\t\t<\/div>\n\t\t\t\t\t\t\t\t<\/div>\n\t\t\t\t<\/div>\n\t\t\t\t\t<\/div>\n\t\t<\/div>\n\t\t\t\t\t<\/div>\n\t\t<\/section>\n\t\t\t\t<section class=\"elementor-section elementor-top-section elementor-element elementor-element-a51a8a0 elementor-section-boxed elementor-section-height-default elementor-section-height-default\" data-id=\"a51a8a0\" data-element_type=\"section\" data-e-type=\"section\">\n\t\t\t\t\t\t<div class=\"elementor-container elementor-column-gap-default\">\n\t\t\t\t\t<div class=\"elementor-column elementor-col-100 elementor-top-column elementor-element elementor-element-c0088e7\" data-id=\"c0088e7\" data-element_type=\"column\" data-e-type=\"column\">\n\t\t\t<div class=\"elementor-widget-wrap elementor-element-populated\">\n\t\t\t\t\t\t<div class=\"elementor-element elementor-element-5296c51 elementor-align-center elementor-widget elementor-widget-button\" data-id=\"5296c51\" data-element_type=\"widget\" data-e-type=\"widget\" data-widget_type=\"button.default\">\n\t\t\t\t<div class=\"elementor-widget-container\">\n\t\t\t\t\t\t\t\t\t<div class=\"elementor-button-wrapper\">\n\t\t\t\t\t<a class=\"elementor-button elementor-button-link elementor-size-lg\" href=\"https:\/\/sedesur.unsa.edu.ar\/index.php\/category\/novedades\/docentes\/\">\n\t\t\t\t\t\t<span class=\"elementor-button-content-wrapper\">\n\t\t\t\t\t\t\t\t\t<span class=\"elementor-button-text\">CLICK AQU\u00cd PARA VER INFORMACI\u00d3N DE POSGRADO - BECAS - CONCURSOS DOCENTES<\/span>\n\t\t\t\t\t<\/span>\n\t\t\t\t\t<\/a>\n\t\t\t\t<\/div>\n\t\t\t\t\t\t\t\t<\/div>\n\t\t\t\t<\/div>\n\t\t\t\t\t<\/div>\n\t\t<\/div>\n\t\t\t\t\t<\/div>\n\t\t<\/section>\n\t\t\t\t<section class=\"elementor-section elementor-top-section elementor-element elementor-element-7b12c58 elementor-section-boxed elementor-section-height-default elementor-section-height-default\" data-id=\"7b12c58\" data-element_type=\"section\" data-e-type=\"section\">\n\t\t\t\t\t\t<div class=\"elementor-container elementor-column-gap-default\">\n\t\t\t\t\t<div class=\"elementor-column elementor-col-100 elementor-top-column elementor-element elementor-element-e33d130\" data-id=\"e33d130\" data-element_type=\"column\" data-e-type=\"column\">\n\t\t\t<div class=\"elementor-widget-wrap elementor-element-populated\">\n\t\t\t\t\t\t<div class=\"elementor-element elementor-element-35633cc elementor-widget elementor-widget-image\" data-id=\"35633cc\" data-element_type=\"widget\" data-e-type=\"widget\" data-widget_type=\"image.default\">\n\t\t\t\t<div class=\"elementor-widget-container\">\n\t\t\t\t\t\t\t\t\t\t\t\t\t\t\t<img fetchpriority=\"high\" decoding=\"async\" width=\"847\" height=\"847\" src=\"https:\/\/sedesur.unsa.edu.ar\/wp-content\/uploads\/2023\/06\/WhatsApp-Image-2023-06-21-at-13.46.44-1024x1024.jpeg\" class=\"attachment-large size-large wp-image-4398\" alt=\"\" srcset=\"https:\/\/sedesur.unsa.edu.ar\/wp-content\/uploads\/2023\/06\/WhatsApp-Image-2023-06-21-at-13.46.44-1024x1024.jpeg 1024w, https:\/\/sedesur.unsa.edu.ar\/wp-content\/uploads\/2023\/06\/WhatsApp-Image-2023-06-21-at-13.46.44-300x300.jpeg 300w, https:\/\/sedesur.unsa.edu.ar\/wp-content\/uploads\/2023\/06\/WhatsApp-Image-2023-06-21-at-13.46.44-150x150.jpeg 150w, https:\/\/sedesur.unsa.edu.ar\/wp-content\/uploads\/2023\/06\/WhatsApp-Image-2023-06-21-at-13.46.44-768x768.jpeg 768w, https:\/\/sedesur.unsa.edu.ar\/wp-content\/uploads\/2023\/06\/WhatsApp-Image-2023-06-21-at-13.46.44-270x270.jpeg 270w, https:\/\/sedesur.unsa.edu.ar\/wp-content\/uploads\/2023\/06\/WhatsApp-Image-2023-06-21-at-13.46.44.jpeg 1080w\" sizes=\"(max-width: 847px) 100vw, 847px\" \/>\t\t\t\t\t\t\t\t\t\t\t\t\t\t\t<\/div>\n\t\t\t\t<\/div>\n\t\t\t\t\t<\/div>\n\t\t<\/div>\n\t\t\t\t\t<\/div>\n\t\t<\/section>\n\t\t\t\t<section class=\"elementor-section elementor-top-section elementor-element elementor-element-b6aed37 elementor-section-boxed elementor-section-height-default elementor-section-height-default\" data-id=\"b6aed37\" data-element_type=\"section\" data-e-type=\"section\">\n\t\t\t\t\t\t<div class=\"elementor-container elementor-column-gap-default\">\n\t\t\t\t\t<div class=\"elementor-column elementor-col-100 elementor-top-column elementor-element elementor-element-8d4d8bf\" data-id=\"8d4d8bf\" data-element_type=\"column\" data-e-type=\"column\">\n\t\t\t<div class=\"elementor-widget-wrap elementor-element-populated\">\n\t\t\t\t\t\t<div class=\"elementor-element elementor-element-ae9ccbb elementor-widget elementor-widget-image\" data-id=\"ae9ccbb\" data-element_type=\"widget\" data-e-type=\"widget\" data-widget_type=\"image.default\">\n\t\t\t\t<div class=\"elementor-widget-container\">\n\t\t\t\t\t\t\t\t\t\t\t\t\t\t\t<img decoding=\"async\" width=\"847\" height=\"860\" src=\"https:\/\/sedesur.unsa.edu.ar\/wp-content\/uploads\/2023\/06\/WhatsApp-Image-2023-06-21-at-13.46.44-1-1009x1024.jpeg\" class=\"attachment-large size-large wp-image-4399\" alt=\"\" srcset=\"https:\/\/sedesur.unsa.edu.ar\/wp-content\/uploads\/2023\/06\/WhatsApp-Image-2023-06-21-at-13.46.44-1-1009x1024.jpeg 1009w, https:\/\/sedesur.unsa.edu.ar\/wp-content\/uploads\/2023\/06\/WhatsApp-Image-2023-06-21-at-13.46.44-1-296x300.jpeg 296w, https:\/\/sedesur.unsa.edu.ar\/wp-content\/uploads\/2023\/06\/WhatsApp-Image-2023-06-21-at-13.46.44-1-768x780.jpeg 768w, https:\/\/sedesur.unsa.edu.ar\/wp-content\/uploads\/2023\/06\/WhatsApp-Image-2023-06-21-at-13.46.44-1-266x270.jpeg 266w, https:\/\/sedesur.unsa.edu.ar\/wp-content\/uploads\/2023\/06\/WhatsApp-Image-2023-06-21-at-13.46.44-1.jpeg 1054w\" sizes=\"(max-width: 847px) 100vw, 847px\" \/>\t\t\t\t\t\t\t\t\t\t\t\t\t\t\t<\/div>\n\t\t\t\t<\/div>\n\t\t\t\t\t<\/div>\n\t\t<\/div>\n\t\t\t\t\t<\/div>\n\t\t<\/section>\n\t\t\t\t<section class=\"elementor-section elementor-top-section elementor-element elementor-element-3b6a4ca elementor-section-boxed elementor-section-height-default elementor-section-height-default\" data-id=\"3b6a4ca\" data-element_type=\"section\" data-e-type=\"section\">\n\t\t\t\t\t\t<div class=\"elementor-container elementor-column-gap-default\">\n\t\t\t\t\t<div class=\"elementor-column elementor-col-100 elementor-top-column elementor-element elementor-element-68c334f\" data-id=\"68c334f\" data-element_type=\"column\" data-e-type=\"column\">\n\t\t\t<div class=\"elementor-widget-wrap elementor-element-populated\">\n\t\t\t\t\t\t<div class=\"elementor-element elementor-element-494a7c8 elementor-widget elementor-widget-image\" data-id=\"494a7c8\" data-element_type=\"widget\" data-e-type=\"widget\" data-widget_type=\"image.default\">\n\t\t\t\t<div class=\"elementor-widget-container\">\n\t\t\t\t\t\t\t\t\t\t\t\t\t\t\t<img decoding=\"async\" width=\"847\" height=\"847\" src=\"https:\/\/sedesur.unsa.edu.ar\/wp-content\/uploads\/2023\/06\/WhatsApp-Image-2023-06-21-at-13.46.44-2-1024x1024.jpeg\" class=\"attachment-large size-large wp-image-4400\" alt=\"\" srcset=\"https:\/\/sedesur.unsa.edu.ar\/wp-content\/uploads\/2023\/06\/WhatsApp-Image-2023-06-21-at-13.46.44-2-1024x1024.jpeg 1024w, https:\/\/sedesur.unsa.edu.ar\/wp-content\/uploads\/2023\/06\/WhatsApp-Image-2023-06-21-at-13.46.44-2-300x300.jpeg 300w, https:\/\/sedesur.unsa.edu.ar\/wp-content\/uploads\/2023\/06\/WhatsApp-Image-2023-06-21-at-13.46.44-2-150x150.jpeg 150w, https:\/\/sedesur.unsa.edu.ar\/wp-content\/uploads\/2023\/06\/WhatsApp-Image-2023-06-21-at-13.46.44-2-768x768.jpeg 768w, https:\/\/sedesur.unsa.edu.ar\/wp-content\/uploads\/2023\/06\/WhatsApp-Image-2023-06-21-at-13.46.44-2-270x270.jpeg 270w, https:\/\/sedesur.unsa.edu.ar\/wp-content\/uploads\/2023\/06\/WhatsApp-Image-2023-06-21-at-13.46.44-2.jpeg 1080w\" sizes=\"(max-width: 847px) 100vw, 847px\" \/>\t\t\t\t\t\t\t\t\t\t\t\t\t\t\t<\/div>\n\t\t\t\t<\/div>\n\t\t\t\t\t<\/div>\n\t\t<\/div>\n\t\t\t\t\t<\/div>\n\t\t<\/section>\n\t\t\t\t<\/div>\n\t\t","protected":false},"excerpt":{"rendered":"<p>Banco de Graduados Estimados Graduados a fin de generar una base de datos, que nos permita recabar informaci\u00f3n importante que tendr\u00e1 incidencia en los diferentes procesos de acreditaci\u00f3n y tambi\u00e9n para mantenerlos informados de\u00a0 ofertas laborales, cursos de posgrado, progreso <a href=\"https:\/\/sedesur.unsa.edu.ar\/index.php\/inicio\/graduados\/\" class=\"read-more\">Leer mas &#8230;<\/a><\/p>\n","protected":false},"author":3,"featured_media":0,"parent":852,"menu_order":1,"comment_status":"closed","ping_status":"closed","template":"","meta":{"footnotes":""},"class_list":["post-4390","page","type-page","status-publish","hentry"],"_links":{"self":[{"href":"https:\/\/sedesur.unsa.edu.ar\/index.php\/wp-json\/wp\/v2\/pages\/4390","targetHints":{"allow":["GET"]}}],"collection":[{"href":"https:\/\/sedesur.unsa.edu.ar\/index.php\/wp-json\/wp\/v2\/pages"}],"about":[{"href":"https:\/\/sedesur.unsa.edu.ar\/index.php\/wp-json\/wp\/v2\/types\/page"}],"author":[{"embeddable":true,"href":"https:\/\/sedesur.unsa.edu.ar\/index.php\/wp-json\/wp\/v2\/users\/3"}],"replies":[{"embeddable":true,"href":"https:\/\/sedesur.unsa.edu.ar\/index.php\/wp-json\/wp\/v2\/comments?post=4390"}],"version-history":[{"count":19,"href":"https:\/\/sedesur.unsa.edu.ar\/index.php\/wp-json\/wp\/v2\/pages\/4390\/revisions"}],"predecessor-version":[{"id":5205,"href":"https:\/\/sedesur.unsa.edu.ar\/index.php\/wp-json\/wp\/v2\/pages\/4390\/revisions\/5205"}],"up":[{"embeddable":true,"href":"https:\/\/sedesur.unsa.edu.ar\/index.php\/wp-json\/wp\/v2\/pages\/852"}],"wp:attachment":[{"href":"https:\/\/sedesur.unsa.edu.ar\/index.php\/wp-json\/wp\/v2\/media?parent=4390"}],"curies":[{"name":"wp","href":"https:\/\/api.w.org\/{rel}","templated":true}]}}