{"id":3891,"date":"2022-10-11T09:43:38","date_gmt":"2022-10-11T12:43:38","guid":{"rendered":"https:\/\/sedesur.unsa.edu.ar\/?page_id=3891"},"modified":"2022-10-13T12:06:01","modified_gmt":"2022-10-13T15:06:01","slug":"ingreso-2023","status":"publish","type":"page","link":"https:\/\/sedesur.unsa.edu.ar\/index.php\/ingresantes\/ingreso-2023\/","title":{"rendered":"INGRESO 2023"},"content":{"rendered":"\t\t<div data-elementor-type=\"wp-page\" data-elementor-id=\"3891\" class=\"elementor elementor-3891\">\n\t\t\t\t\t\t<section class=\"elementor-section elementor-top-section elementor-element elementor-element-7368541 elementor-section-boxed elementor-section-height-default elementor-section-height-default\" data-id=\"7368541\" data-element_type=\"section\" data-e-type=\"section\">\n\t\t\t\t\t\t<div class=\"elementor-container elementor-column-gap-default\">\n\t\t\t\t\t<div class=\"elementor-column elementor-col-100 elementor-top-column elementor-element elementor-element-8fc39c3\" data-id=\"8fc39c3\" data-element_type=\"column\" data-e-type=\"column\">\n\t\t\t<div class=\"elementor-widget-wrap elementor-element-populated\">\n\t\t\t\t\t\t<div class=\"elementor-element elementor-element-07056c9 elementor-widget elementor-widget-text-editor\" data-id=\"07056c9\" data-element_type=\"widget\" data-e-type=\"widget\" data-widget_type=\"text-editor.default\">\n\t\t\t\t<div class=\"elementor-widget-container\">\n\t\t\t\t\t\t\t\t\t<h1 style=\"text-align: center;\">\u00a1Bienvenidos Ingresantes!<\/h1><h3><b>Las autoridades de UNSa Sede Sur y el equipo del CIU 2022-2023;\u00a0 los saludan cordialmente\u00a0 y los invitan a\u00a0 participar del Curso de Ingreso Universitario; el mismo se propone como medio\u00a0 para promover la vinculaci\u00f3n\u00a0 con la Instituci\u00f3n y generar las condiciones necesarias para que puedan desenvolverse exitosamente en el primer a\u00f1o de la Carrera escogida. Fortaleciendo\u00a0 conocimientos ya aprendidos y promoviendo la adquisici\u00f3n de otros nuevos; a fin de que puedan\u00a0 lograr mayor homogeneidad y equidad, frente a las exigencias propias de la formaci\u00f3n universitaria; intentando fomentar en Uds. las competencias, h\u00e1bitos y actitudes espec\u00edficos de la vida universitaria. \u00a1Los esperamos!<\/b><\/h3>\t\t\t\t\t\t\t\t<\/div>\n\t\t\t\t<\/div>\n\t\t\t\t\t<\/div>\n\t\t<\/div>\n\t\t\t\t\t<\/div>\n\t\t<\/section>\n\t\t\t\t<section class=\"elementor-section elementor-top-section elementor-element elementor-element-cfef64a elementor-section-boxed elementor-section-height-default elementor-section-height-default\" data-id=\"cfef64a\" data-element_type=\"section\" data-e-type=\"section\">\n\t\t\t\t\t\t<div class=\"elementor-container elementor-column-gap-default\">\n\t\t\t\t\t<div class=\"elementor-column elementor-col-100 elementor-top-column elementor-element elementor-element-6c338d0\" data-id=\"6c338d0\" data-element_type=\"column\" data-e-type=\"column\">\n\t\t\t<div class=\"elementor-widget-wrap elementor-element-populated\">\n\t\t\t\t\t\t<div class=\"elementor-element elementor-element-0e8e70d elementor-align-center elementor-widget elementor-widget-button\" data-id=\"0e8e70d\" data-element_type=\"widget\" data-e-type=\"widget\" data-widget_type=\"button.default\">\n\t\t\t\t<div class=\"elementor-widget-container\">\n\t\t\t\t\t\t\t\t\t<div class=\"elementor-button-wrapper\">\n\t\t\t\t\t<a class=\"elementor-button elementor-button-link elementor-size-xl\" href=\"https:\/\/www.unsa.edu.ar\/wp-content\/uploads\/2022\/10\/Como-preinscribirme-en-la-Universidad-nuevo.pdf\">\n\t\t\t\t\t\t<span class=\"elementor-button-content-wrapper\">\n\t\t\t\t\t\t\t\t\t<span class=\"elementor-button-text\">PREINSCRIBITE AQU\u00cd<\/span>\n\t\t\t\t\t<\/span>\n\t\t\t\t\t<\/a>\n\t\t\t\t<\/div>\n\t\t\t\t\t\t\t\t<\/div>\n\t\t\t\t<\/div>\n\t\t\t\t\t<\/div>\n\t\t<\/div>\n\t\t\t\t\t<\/div>\n\t\t<\/section>\n\t\t\t\t<\/div>\n\t\t","protected":false},"excerpt":{"rendered":"<p>\u00a1Bienvenidos Ingresantes! Las autoridades de UNSa Sede Sur y el equipo del CIU 2022-2023;\u00a0 los saludan cordialmente\u00a0 y los invitan a\u00a0 participar del Curso de Ingreso Universitario; el mismo se propone como medio\u00a0 para promover la vinculaci\u00f3n\u00a0 con la Instituci\u00f3n <a href=\"https:\/\/sedesur.unsa.edu.ar\/index.php\/ingresantes\/ingreso-2023\/\" class=\"read-more\">Leer mas &#8230;<\/a><\/p>\n","protected":false},"author":3,"featured_media":0,"parent":11,"menu_order":1,"comment_status":"closed","ping_status":"closed","template":"","meta":{"footnotes":""},"class_list":["post-3891","page","type-page","status-publish","hentry"],"_links":{"self":[{"href":"https:\/\/sedesur.unsa.edu.ar\/index.php\/wp-json\/wp\/v2\/pages\/3891","targetHints":{"allow":["GET"]}}],"collection":[{"href":"https:\/\/sedesur.unsa.edu.ar\/index.php\/wp-json\/wp\/v2\/pages"}],"about":[{"href":"https:\/\/sedesur.unsa.edu.ar\/index.php\/wp-json\/wp\/v2\/types\/page"}],"author":[{"embeddable":true,"href":"https:\/\/sedesur.unsa.edu.ar\/index.php\/wp-json\/wp\/v2\/users\/3"}],"replies":[{"embeddable":true,"href":"https:\/\/sedesur.unsa.edu.ar\/index.php\/wp-json\/wp\/v2\/comments?post=3891"}],"version-history":[{"count":10,"href":"https:\/\/sedesur.unsa.edu.ar\/index.php\/wp-json\/wp\/v2\/pages\/3891\/revisions"}],"predecessor-version":[{"id":3911,"href":"https:\/\/sedesur.unsa.edu.ar\/index.php\/wp-json\/wp\/v2\/pages\/3891\/revisions\/3911"}],"up":[{"embeddable":true,"href":"https:\/\/sedesur.unsa.edu.ar\/index.php\/wp-json\/wp\/v2\/pages\/11"}],"wp:attachment":[{"href":"https:\/\/sedesur.unsa.edu.ar\/index.php\/wp-json\/wp\/v2\/media?parent=3891"}],"curies":[{"name":"wp","href":"https:\/\/api.w.org\/{rel}","templated":true}]}}