{"id":3266,"date":"2021-09-28T08:51:34","date_gmt":"2021-09-28T11:51:34","guid":{"rendered":"http:\/\/sedesur.unsa.edu.ar\/?page_id=3266"},"modified":"2025-10-15T12:55:52","modified_gmt":"2025-10-15T15:55:52","slug":"ingreso-2026","status":"publish","type":"page","link":"https:\/\/sedesur.unsa.edu.ar\/index.php\/ingresantes\/ingreso-2026\/","title":{"rendered":"Ingreso 2026"},"content":{"rendered":"\t\t<div data-elementor-type=\"wp-page\" data-elementor-id=\"3266\" class=\"elementor elementor-3266\">\n\t\t\t\t\t\t<section class=\"elementor-section elementor-top-section elementor-element elementor-element-3c19e67 elementor-section-boxed elementor-section-height-default elementor-section-height-default\" data-id=\"3c19e67\" data-element_type=\"section\" data-e-type=\"section\">\n\t\t\t\t\t\t<div class=\"elementor-container elementor-column-gap-default\">\n\t\t\t\t\t<div class=\"elementor-column elementor-col-100 elementor-top-column elementor-element elementor-element-b6b7d84\" data-id=\"b6b7d84\" data-element_type=\"column\" data-e-type=\"column\">\n\t\t\t<div class=\"elementor-widget-wrap elementor-element-populated\">\n\t\t\t\t\t\t<div class=\"elementor-element elementor-element-3331caf elementor-widget elementor-widget-text-editor\" data-id=\"3331caf\" data-element_type=\"widget\" data-e-type=\"widget\" data-widget_type=\"text-editor.default\">\n\t\t\t\t<div class=\"elementor-widget-container\">\n\t\t\t\t\t\t\t\t\t<h1 style=\"text-align: center;\">\u00a1Bienvenidos Ingresantes!<\/h1>\n<h3 style=\"text-align: center;\"><b>Las autoridades de UNSa Sede Sur y el equipo del CIU 2025-2026;\u00a0 los saludan cordialmente\u00a0 y los invitan a\u00a0 participar del Curso de Ingreso Universitario; el mismo se propone como medio\u00a0 para promover la vinculaci\u00f3n\u00a0 con la Instituci\u00f3n y generar las condiciones necesarias para que puedan desenvolverse exitosamente en el primer a\u00f1o de la Carrera escogida. Fortaleciendo\u00a0 conocimientos ya aprendidos y promoviendo la adquisici\u00f3n de otros nuevos; a fin de que puedan\u00a0 lograr mayor homogeneidad y equidad, frente a las exigencias propias de la formaci\u00f3n universitaria; intentando fomentar en Uds. las competencias, h\u00e1bitos y actitudes espec\u00edficos de la vida universitaria. \u00a1Los esperamos!<\/b><\/h3>\t\t\t\t\t\t\t\t<\/div>\n\t\t\t\t<\/div>\n\t\t\t\t\t<\/div>\n\t\t<\/div>\n\t\t\t\t\t<\/div>\n\t\t<\/section>\n\t\t\t\t<section class=\"elementor-section elementor-top-section elementor-element elementor-element-dc8e424 elementor-section-boxed elementor-section-height-default elementor-section-height-default\" data-id=\"dc8e424\" data-element_type=\"section\" data-e-type=\"section\">\n\t\t\t\t\t\t<div class=\"elementor-container elementor-column-gap-default\">\n\t\t\t\t\t<div class=\"elementor-column elementor-col-100 elementor-top-column elementor-element elementor-element-223082e\" data-id=\"223082e\" data-element_type=\"column\" data-e-type=\"column\">\n\t\t\t<div class=\"elementor-widget-wrap elementor-element-populated\">\n\t\t\t\t\t\t<div class=\"elementor-element elementor-element-acd4e2f elementor-widget elementor-widget-text-editor\" data-id=\"acd4e2f\" data-element_type=\"widget\" data-e-type=\"widget\" data-widget_type=\"text-editor.default\">\n\t\t\t\t<div class=\"elementor-widget-container\">\n\t\t\t\t\t\t\t\t\t<h3><strong><span style=\"color: #000000;\">Si ya decidiste estudiar en nuestra Sede, como primera medida te pedimos que ingreses a<span style=\"color: #0000ff;\">\u00a0<a style=\"color: #0000ff;\" href=\"https:\/\/sedesur.unsa.edu.ar\/wp-content\/uploads\/2025\/10\/Preinscripcion-2026.pdf\">https:\/\/sedesur.unsa.edu.ar\/wp-content\/uploads\/2025\/10\/Preinscripcion-2026.pdf<\/a><\/span><\/span> <span style=\"color: #0000ff;\"><span style=\"color: #000000;\">y realices una lectura previa a todo el proceso; ya que aqu\u00ed encontrar\u00e1s la informaci\u00f3n para preinscribirte correctamente.<\/span><\/span><\/strong><\/h3>\n<h3><span style=\"color: #000000;\"><strong>Te informamos que si no posees t\u00edtulo secundario y eres mayor de 25 a\u00f1os, puedes preinscribirte como AM25; puedes ver m\u00e1s al respecto en:<\/strong><\/span> <span style=\"color: #0000ff;\"><strong><a style=\"color: #0000ff;\" href=\"https:\/\/sedesur.unsa.edu.ar\/wp-content\/uploads\/2025\/10\/am25-2026.pdf\">https:\/\/sedesur.unsa.edu.ar\/wp-content\/uploads\/2025\/10\/am25-2026.pdf<\/a><\/strong><\/span><\/h3>\n<h3><strong><span style=\"color: #000000;\">Asimismo, te invitamos a formar parte del grupo de whatsapp CIU 2022 UNSa; en \u00e8l recibir\u00e1s asesoramiento por cualquier duda que surja durante el proceso de preinscripci\u00f3n y alta en moodle, el link para unirte es:\u00a0<\/span><\/strong><\/h3>\n<p><span style=\"color: #000000;\"><strong>Asesoramiento presencial de Lunes a Viernes en Sede Met\u00e1n (Coronel Vidt 346)\u00a0<\/strong><\/span><\/p>\t\t\t\t\t\t\t\t<\/div>\n\t\t\t\t<\/div>\n\t\t\t\t\t<\/div>\n\t\t<\/div>\n\t\t\t\t\t<\/div>\n\t\t<\/section>\n\t\t\t\t<section class=\"elementor-section elementor-top-section elementor-element elementor-element-05a7b84 elementor-section-boxed elementor-section-height-default elementor-section-height-default\" data-id=\"05a7b84\" data-element_type=\"section\" data-e-type=\"section\">\n\t\t\t\t\t\t<div class=\"elementor-container elementor-column-gap-default\">\n\t\t\t\t\t<div class=\"elementor-column elementor-col-100 elementor-top-column elementor-element elementor-element-092547f\" data-id=\"092547f\" data-element_type=\"column\" data-e-type=\"column\">\n\t\t\t<div class=\"elementor-widget-wrap elementor-element-populated\">\n\t\t\t\t\t\t<div class=\"elementor-element elementor-element-441e273 elementor-widget elementor-widget-text-editor\" data-id=\"441e273\" data-element_type=\"widget\" data-e-type=\"widget\" data-widget_type=\"text-editor.default\">\n\t\t\t\t<div class=\"elementor-widget-container\">\n\t\t\t\t\t\t\t\t\t<h2 style=\"text-align: center;\"><strong>SI YA REALIZASTE LA LECTURA PREVIA<\/strong><\/h2><h2 style=\"text-align: center;\"><strong>INGRES\u00c1 A :\u00a0<span style=\"color: #0000ff;\"><a style=\"color: #0000ff;\" href=\"http:\/\/preinscripcion.unsa.edu.ar\/preinscripcion\/?__o=\">http:\/\/preinscripcion.unsa.edu.ar\/preinscripcion\/?__o=<\/a><\/span><\/strong><\/h2>\t\t\t\t\t\t\t\t<\/div>\n\t\t\t\t<\/div>\n\t\t\t\t\t<\/div>\n\t\t<\/div>\n\t\t\t\t\t<\/div>\n\t\t<\/section>\n\t\t\t\t<section class=\"elementor-section elementor-top-section elementor-element elementor-element-600aa73 elementor-section-boxed elementor-section-height-default elementor-section-height-default\" data-id=\"600aa73\" data-element_type=\"section\" data-e-type=\"section\">\n\t\t\t\t\t\t<div class=\"elementor-container elementor-column-gap-default\">\n\t\t\t\t\t<div class=\"elementor-column elementor-col-100 elementor-top-column elementor-element elementor-element-e2264db\" data-id=\"e2264db\" data-element_type=\"column\" data-e-type=\"column\">\n\t\t\t<div class=\"elementor-widget-wrap elementor-element-populated\">\n\t\t\t\t\t\t<div class=\"elementor-element elementor-element-2379a22 elementor-button-success elementor-align-center elementor-widget elementor-widget-button\" data-id=\"2379a22\" data-element_type=\"widget\" data-e-type=\"widget\" data-widget_type=\"button.default\">\n\t\t\t\t<div class=\"elementor-widget-container\">\n\t\t\t\t\t\t\t\t\t<div class=\"elementor-button-wrapper\">\n\t\t\t\t\t<a class=\"elementor-button elementor-button-link elementor-size-lg\" href=\"https:\/\/sedesur.unsa.edu.ar\/index.php\/category\/novedades\/ingresantes\/\">\n\t\t\t\t\t\t<span class=\"elementor-button-content-wrapper\">\n\t\t\t\t\t\t\t\t\t<span class=\"elementor-button-text\">INGRESA AQU\u00cd A LAS ACTIVIDADES DEL CURSO DE INGRESO 2025<\/span>\n\t\t\t\t\t<\/span>\n\t\t\t\t\t<\/a>\n\t\t\t\t<\/div>\n\t\t\t\t\t\t\t\t<\/div>\n\t\t\t\t<\/div>\n\t\t\t\t\t<\/div>\n\t\t<\/div>\n\t\t\t\t\t<\/div>\n\t\t<\/section>\n\t\t\t\t<\/div>\n\t\t","protected":false},"excerpt":{"rendered":"<p>\u00a1Bienvenidos Ingresantes! Las autoridades de UNSa Sede Sur y el equipo del CIU 2025-2026;\u00a0 los saludan cordialmente\u00a0 y los invitan a\u00a0 participar del Curso de Ingreso Universitario; el mismo se propone como medio\u00a0 para promover la vinculaci\u00f3n\u00a0 con la Instituci\u00f3n <a href=\"https:\/\/sedesur.unsa.edu.ar\/index.php\/ingresantes\/ingreso-2026\/\" class=\"read-more\">Leer mas &#8230;<\/a><\/p>\n","protected":false},"author":1,"featured_media":0,"parent":11,"menu_order":0,"comment_status":"closed","ping_status":"closed","template":"","meta":{"footnotes":""},"class_list":["post-3266","page","type-page","status-publish","hentry"],"_links":{"self":[{"href":"https:\/\/sedesur.unsa.edu.ar\/index.php\/wp-json\/wp\/v2\/pages\/3266","targetHints":{"allow":["GET"]}}],"collection":[{"href":"https:\/\/sedesur.unsa.edu.ar\/index.php\/wp-json\/wp\/v2\/pages"}],"about":[{"href":"https:\/\/sedesur.unsa.edu.ar\/index.php\/wp-json\/wp\/v2\/types\/page"}],"author":[{"embeddable":true,"href":"https:\/\/sedesur.unsa.edu.ar\/index.php\/wp-json\/wp\/v2\/users\/1"}],"replies":[{"embeddable":true,"href":"https:\/\/sedesur.unsa.edu.ar\/index.php\/wp-json\/wp\/v2\/comments?post=3266"}],"version-history":[{"count":52,"href":"https:\/\/sedesur.unsa.edu.ar\/index.php\/wp-json\/wp\/v2\/pages\/3266\/revisions"}],"predecessor-version":[{"id":5943,"href":"https:\/\/sedesur.unsa.edu.ar\/index.php\/wp-json\/wp\/v2\/pages\/3266\/revisions\/5943"}],"up":[{"embeddable":true,"href":"https:\/\/sedesur.unsa.edu.ar\/index.php\/wp-json\/wp\/v2\/pages\/11"}],"wp:attachment":[{"href":"https:\/\/sedesur.unsa.edu.ar\/index.php\/wp-json\/wp\/v2\/media?parent=3266"}],"curies":[{"name":"wp","href":"https:\/\/api.w.org\/{rel}","templated":true}]}}