{"id":26,"date":"2020-08-14T09:00:35","date_gmt":"2020-08-14T12:00:35","guid":{"rendered":"http:\/\/sedesur.unsa.edu.ar\/?page_id=26"},"modified":"2025-12-23T08:57:31","modified_gmt":"2025-12-23T11:57:31","slug":"carreras","status":"publish","type":"page","link":"https:\/\/sedesur.unsa.edu.ar\/index.php\/carreras\/","title":{"rendered":"Carreras"},"content":{"rendered":"\t\t<div data-elementor-type=\"wp-page\" data-elementor-id=\"26\" class=\"elementor elementor-26\">\n\t\t\t\t\t\t<section class=\"elementor-section elementor-top-section elementor-element elementor-element-9610e87 elementor-section-boxed elementor-section-height-default elementor-section-height-default\" data-id=\"9610e87\" data-element_type=\"section\" data-e-type=\"section\">\n\t\t\t\t\t\t<div class=\"elementor-container elementor-column-gap-default\">\n\t\t\t\t\t<div class=\"elementor-column elementor-col-100 elementor-top-column elementor-element elementor-element-bf18076\" data-id=\"bf18076\" data-element_type=\"column\" data-e-type=\"column\">\n\t\t\t<div class=\"elementor-widget-wrap elementor-element-populated\">\n\t\t\t\t\t\t<div class=\"elementor-element elementor-element-6eb8344 elementor-widget elementor-widget-heading\" data-id=\"6eb8344\" data-element_type=\"widget\" data-e-type=\"widget\" data-widget_type=\"heading.default\">\n\t\t\t\t<div class=\"elementor-widget-container\">\n\t\t\t\t\t<h2 class=\"elementor-heading-title elementor-size-default\">Met\u00e1n<\/h2>\t\t\t\t<\/div>\n\t\t\t\t<\/div>\n\t\t\t\t\t<\/div>\n\t\t<\/div>\n\t\t\t\t\t<\/div>\n\t\t<\/section>\n\t\t\t\t<section class=\"elementor-section elementor-top-section elementor-element elementor-element-e307657 elementor-section-boxed elementor-section-height-default elementor-section-height-default\" data-id=\"e307657\" data-element_type=\"section\" data-e-type=\"section\">\n\t\t\t\t\t\t<div class=\"elementor-container elementor-column-gap-default\">\n\t\t\t\t\t<div class=\"elementor-column elementor-col-50 elementor-top-column elementor-element elementor-element-a6b017d\" data-id=\"a6b017d\" data-element_type=\"column\" data-e-type=\"column\">\n\t\t\t<div class=\"elementor-widget-wrap elementor-element-populated\">\n\t\t\t\t\t\t<div class=\"elementor-element elementor-element-a22e889 elementor-widget elementor-widget-image\" data-id=\"a22e889\" data-element_type=\"widget\" data-e-type=\"widget\" data-widget_type=\"image.default\">\n\t\t\t\t<div class=\"elementor-widget-container\">\n\t\t\t\t\t\t\t\t\t\t\t\t\t\t\t<img fetchpriority=\"high\" decoding=\"async\" width=\"216\" height=\"270\" src=\"https:\/\/sedesur.unsa.edu.ar\/wp-content\/uploads\/2020\/08\/abstract-1751248-216x270.png\" class=\"attachment-education-hub-thumb size-education-hub-thumb wp-image-703\" alt=\"\" srcset=\"https:\/\/sedesur.unsa.edu.ar\/wp-content\/uploads\/2020\/08\/abstract-1751248-216x270.png 216w, https:\/\/sedesur.unsa.edu.ar\/wp-content\/uploads\/2020\/08\/abstract-1751248-240x300.png 240w, https:\/\/sedesur.unsa.edu.ar\/wp-content\/uploads\/2020\/08\/abstract-1751248-820x1024.png 820w, https:\/\/sedesur.unsa.edu.ar\/wp-content\/uploads\/2020\/08\/abstract-1751248-768x959.png 768w, https:\/\/sedesur.unsa.edu.ar\/wp-content\/uploads\/2020\/08\/abstract-1751248-1230x1536.png 1230w, https:\/\/sedesur.unsa.edu.ar\/wp-content\/uploads\/2020\/08\/abstract-1751248.png 1537w\" sizes=\"(max-width: 216px) 100vw, 216px\" \/>\t\t\t\t\t\t\t\t\t\t\t\t\t\t\t<\/div>\n\t\t\t\t<\/div>\n\t\t\t\t<div class=\"elementor-element elementor-element-49c7b31 elementor-widget elementor-widget-heading\" data-id=\"49c7b31\" data-element_type=\"widget\" data-e-type=\"widget\" data-widget_type=\"heading.default\">\n\t\t\t\t<div class=\"elementor-widget-container\">\n\t\t\t\t\t<h3 class=\"elementor-heading-title elementor-size-default\">Ingenier\u00eda Agron\u00f3mica<\/h3>\t\t\t\t<\/div>\n\t\t\t\t<\/div>\n\t\t\t\t<div class=\"elementor-element elementor-element-b526b1d elementor-widget elementor-widget-video\" data-id=\"b526b1d\" data-element_type=\"widget\" data-e-type=\"widget\" data-settings=\"{&quot;video_type&quot;:&quot;hosted&quot;,&quot;controls&quot;:&quot;yes&quot;}\" data-widget_type=\"video.default\">\n\t\t\t\t<div class=\"elementor-widget-container\">\n\t\t\t\t\t\t\t<div class=\"e-hosted-video elementor-wrapper elementor-open-inline\">\n\t\t\t\t\t<video class=\"elementor-video\" src=\"https:\/\/sedesur.unsa.edu.ar\/wp-content\/uploads\/2025\/12\/Ingenieria-Agronomica-.mp4\" controls=\"\" preload=\"metadata\" controlsList=\"nodownload\"><\/video>\n\t\t\t\t<\/div>\n\t\t\t\t\t\t<\/div>\n\t\t\t\t<\/div>\n\t\t\t\t\t<\/div>\n\t\t<\/div>\n\t\t\t\t<div class=\"elementor-column elementor-col-50 elementor-top-column elementor-element elementor-element-3171558\" data-id=\"3171558\" data-element_type=\"column\" data-e-type=\"column\">\n\t\t\t<div class=\"elementor-widget-wrap elementor-element-populated\">\n\t\t\t\t\t\t<div class=\"elementor-element elementor-element-bda041f elementor-widget elementor-widget-image\" data-id=\"bda041f\" data-element_type=\"widget\" data-e-type=\"widget\" data-widget_type=\"image.default\">\n\t\t\t\t<div class=\"elementor-widget-container\">\n\t\t\t\t\t\t\t\t\t\t\t\t\t\t\t<img decoding=\"async\" width=\"360\" height=\"225\" src=\"https:\/\/sedesur.unsa.edu.ar\/wp-content\/uploads\/2020\/08\/motherboard-152501-360x225.png\" class=\"attachment-education-hub-thumb size-education-hub-thumb wp-image-708\" alt=\"\" srcset=\"https:\/\/sedesur.unsa.edu.ar\/wp-content\/uploads\/2020\/08\/motherboard-152501-360x225.png 360w, https:\/\/sedesur.unsa.edu.ar\/wp-content\/uploads\/2020\/08\/motherboard-152501-300x188.png 300w, https:\/\/sedesur.unsa.edu.ar\/wp-content\/uploads\/2020\/08\/motherboard-152501-1024x640.png 1024w, https:\/\/sedesur.unsa.edu.ar\/wp-content\/uploads\/2020\/08\/motherboard-152501-768x480.png 768w, https:\/\/sedesur.unsa.edu.ar\/wp-content\/uploads\/2020\/08\/motherboard-152501-1536x960.png 1536w, https:\/\/sedesur.unsa.edu.ar\/wp-content\/uploads\/2020\/08\/motherboard-152501.png 1920w\" sizes=\"(max-width: 360px) 100vw, 360px\" \/>\t\t\t\t\t\t\t\t\t\t\t\t\t\t\t<\/div>\n\t\t\t\t<\/div>\n\t\t\t\t<div class=\"elementor-element elementor-element-b9a3708 elementor-widget elementor-widget-heading\" data-id=\"b9a3708\" data-element_type=\"widget\" data-e-type=\"widget\" data-widget_type=\"heading.default\">\n\t\t\t\t<div class=\"elementor-widget-container\">\n\t\t\t\t\t<h3 class=\"elementor-heading-title elementor-size-default\">Tecnicatura Electr\u00f3nica Universitaria<\/h3>\t\t\t\t<\/div>\n\t\t\t\t<\/div>\n\t\t\t\t\t<\/div>\n\t\t<\/div>\n\t\t\t\t\t<\/div>\n\t\t<\/section>\n\t\t\t\t<section class=\"elementor-section elementor-top-section elementor-element elementor-element-54247ce elementor-section-boxed elementor-section-height-default elementor-section-height-default\" data-id=\"54247ce\" data-element_type=\"section\" data-e-type=\"section\">\n\t\t\t\t\t\t<div class=\"elementor-container elementor-column-gap-default\">\n\t\t\t\t\t<div class=\"elementor-column elementor-col-50 elementor-top-column elementor-element elementor-element-cdf5ab4\" data-id=\"cdf5ab4\" data-element_type=\"column\" data-e-type=\"column\">\n\t\t\t<div class=\"elementor-widget-wrap elementor-element-populated\">\n\t\t\t\t\t\t<div class=\"elementor-element elementor-element-a9f9f89 elementor-widget elementor-widget-image\" data-id=\"a9f9f89\" data-element_type=\"widget\" data-e-type=\"widget\" data-widget_type=\"image.default\">\n\t\t\t\t<div class=\"elementor-widget-container\">\n\t\t\t\t\t\t\t\t\t\t\t\t\t\t\t<img decoding=\"async\" width=\"208\" height=\"270\" src=\"https:\/\/sedesur.unsa.edu.ar\/wp-content\/uploads\/2020\/08\/logoCurso-208x270.png\" class=\"attachment-education-hub-thumb size-education-hub-thumb wp-image-709\" alt=\"\" srcset=\"https:\/\/sedesur.unsa.edu.ar\/wp-content\/uploads\/2020\/08\/logoCurso-208x270.png 208w, https:\/\/sedesur.unsa.edu.ar\/wp-content\/uploads\/2020\/08\/logoCurso-231x300.png 231w, https:\/\/sedesur.unsa.edu.ar\/wp-content\/uploads\/2020\/08\/logoCurso.png 293w\" sizes=\"(max-width: 208px) 100vw, 208px\" \/>\t\t\t\t\t\t\t\t\t\t\t\t\t\t\t<\/div>\n\t\t\t\t<\/div>\n\t\t\t\t<div class=\"elementor-element elementor-element-b2da9e5 elementor-widget elementor-widget-heading\" data-id=\"b2da9e5\" data-element_type=\"widget\" data-e-type=\"widget\" data-widget_type=\"heading.default\">\n\t\t\t\t<div class=\"elementor-widget-container\">\n\t\t\t\t\t<h3 class=\"elementor-heading-title elementor-size-default\">Tecnicatura Universitaria en Tecnolog\u00eda de Alimentos<\/h3>\t\t\t\t<\/div>\n\t\t\t\t<\/div>\n\t\t\t\t<div class=\"elementor-element elementor-element-7c01bd7 elementor-widget elementor-widget-video\" data-id=\"7c01bd7\" data-element_type=\"widget\" data-e-type=\"widget\" data-settings=\"{&quot;video_type&quot;:&quot;hosted&quot;,&quot;controls&quot;:&quot;yes&quot;}\" data-widget_type=\"video.default\">\n\t\t\t\t<div class=\"elementor-widget-container\">\n\t\t\t\t\t\t\t<div class=\"e-hosted-video elementor-wrapper elementor-open-inline\">\n\t\t\t\t\t<video class=\"elementor-video\" src=\"https:\/\/sedesur.unsa.edu.ar\/wp-content\/uploads\/2025\/12\/TUTA-.mp4\" controls=\"\" preload=\"metadata\" controlsList=\"nodownload\"><\/video>\n\t\t\t\t<\/div>\n\t\t\t\t\t\t<\/div>\n\t\t\t\t<\/div>\n\t\t\t\t\t<\/div>\n\t\t<\/div>\n\t\t\t\t<div class=\"elementor-column elementor-col-50 elementor-top-column elementor-element elementor-element-53c2ff9\" data-id=\"53c2ff9\" data-element_type=\"column\" data-e-type=\"column\">\n\t\t\t<div class=\"elementor-widget-wrap\">\n\t\t\t\t\t\t\t<\/div>\n\t\t<\/div>\n\t\t\t\t\t<\/div>\n\t\t<\/section>\n\t\t\t\t<section class=\"elementor-section elementor-top-section elementor-element elementor-element-5550aa5 elementor-section-boxed elementor-section-height-default elementor-section-height-default\" data-id=\"5550aa5\" data-element_type=\"section\" data-e-type=\"section\">\n\t\t\t\t\t\t<div class=\"elementor-container elementor-column-gap-default\">\n\t\t\t\t\t<div class=\"elementor-column elementor-col-100 elementor-top-column elementor-element elementor-element-ca81ecb\" data-id=\"ca81ecb\" data-element_type=\"column\" data-e-type=\"column\">\n\t\t\t<div class=\"elementor-widget-wrap elementor-element-populated\">\n\t\t\t\t\t\t<div class=\"elementor-element elementor-element-755075f elementor-widget elementor-widget-heading\" data-id=\"755075f\" data-element_type=\"widget\" data-e-type=\"widget\" data-widget_type=\"heading.default\">\n\t\t\t\t<div class=\"elementor-widget-container\">\n\t\t\t\t\t<h2 class=\"elementor-heading-title elementor-size-default\">Carreras dictadas en Rosario de la Frontera<\/h2>\t\t\t\t<\/div>\n\t\t\t\t<\/div>\n\t\t\t\t\t<\/div>\n\t\t<\/div>\n\t\t\t\t\t<\/div>\n\t\t<\/section>\n\t\t\t\t<section class=\"elementor-section elementor-top-section elementor-element elementor-element-8500663 elementor-section-boxed elementor-section-height-default elementor-section-height-default\" data-id=\"8500663\" data-element_type=\"section\" data-e-type=\"section\">\n\t\t\t\t\t\t<div class=\"elementor-container elementor-column-gap-default\">\n\t\t\t\t\t<div class=\"elementor-column elementor-col-50 elementor-top-column elementor-element elementor-element-ab840fc\" data-id=\"ab840fc\" data-element_type=\"column\" data-e-type=\"column\">\n\t\t\t<div class=\"elementor-widget-wrap elementor-element-populated\">\n\t\t\t\t\t\t<div class=\"elementor-element elementor-element-86ba6ef elementor-widget elementor-widget-image\" data-id=\"86ba6ef\" data-element_type=\"widget\" data-e-type=\"widget\" data-widget_type=\"image.default\">\n\t\t\t\t<div class=\"elementor-widget-container\">\n\t\t\t\t\t\t\t\t\t\t\t\t\t\t\t<img loading=\"lazy\" decoding=\"async\" width=\"190\" height=\"190\" src=\"https:\/\/sedesur.unsa.edu.ar\/wp-content\/uploads\/2020\/08\/adminarchivos.png\" class=\"attachment-education-hub-thumb size-education-hub-thumb wp-image-711\" alt=\"\" srcset=\"https:\/\/sedesur.unsa.edu.ar\/wp-content\/uploads\/2020\/08\/adminarchivos.png 190w, https:\/\/sedesur.unsa.edu.ar\/wp-content\/uploads\/2020\/08\/adminarchivos-150x150.png 150w\" sizes=\"(max-width: 190px) 100vw, 190px\" \/>\t\t\t\t\t\t\t\t\t\t\t\t\t\t\t<\/div>\n\t\t\t\t<\/div>\n\t\t\t\t<div class=\"elementor-element elementor-element-8bfce56 elementor-widget elementor-widget-heading\" data-id=\"8bfce56\" data-element_type=\"widget\" data-e-type=\"widget\" data-widget_type=\"heading.default\">\n\t\t\t\t<div class=\"elementor-widget-container\">\n\t\t\t\t\t<h3 class=\"elementor-heading-title elementor-size-default\">Licenciatura en Administraci\u00f3n<\/h3>\t\t\t\t<\/div>\n\t\t\t\t<\/div>\n\t\t\t\t<div class=\"elementor-element elementor-element-9ef90ae elementor-widget elementor-widget-video\" data-id=\"9ef90ae\" data-element_type=\"widget\" data-e-type=\"widget\" data-settings=\"{&quot;video_type&quot;:&quot;hosted&quot;,&quot;controls&quot;:&quot;yes&quot;}\" data-widget_type=\"video.default\">\n\t\t\t\t<div class=\"elementor-widget-container\">\n\t\t\t\t\t\t\t<div class=\"e-hosted-video elementor-wrapper elementor-open-inline\">\n\t\t\t\t\t<video class=\"elementor-video\" src=\"https:\/\/sedesur.unsa.edu.ar\/wp-content\/uploads\/2025\/12\/Lic.-en-Administracion.mp4\" controls=\"\" preload=\"metadata\" controlsList=\"nodownload\"><\/video>\n\t\t\t\t<\/div>\n\t\t\t\t\t\t<\/div>\n\t\t\t\t<\/div>\n\t\t\t\t\t<\/div>\n\t\t<\/div>\n\t\t\t\t<div class=\"elementor-column elementor-col-50 elementor-top-column elementor-element elementor-element-e499d79\" data-id=\"e499d79\" data-element_type=\"column\" data-e-type=\"column\">\n\t\t\t<div class=\"elementor-widget-wrap elementor-element-populated\">\n\t\t\t\t\t\t<div class=\"elementor-element elementor-element-6a907f7 elementor-widget elementor-widget-image\" data-id=\"6a907f7\" data-element_type=\"widget\" data-e-type=\"widget\" data-widget_type=\"image.default\">\n\t\t\t\t<div class=\"elementor-widget-container\">\n\t\t\t\t\t\t\t\t\t\t\t\t\t\t\t<img loading=\"lazy\" decoding=\"async\" width=\"322\" height=\"270\" src=\"https:\/\/sedesur.unsa.edu.ar\/wp-content\/uploads\/2020\/08\/school-307641-322x270.png\" class=\"attachment-education-hub-thumb size-education-hub-thumb wp-image-712\" alt=\"\" srcset=\"https:\/\/sedesur.unsa.edu.ar\/wp-content\/uploads\/2020\/08\/school-307641-322x270.png 322w, https:\/\/sedesur.unsa.edu.ar\/wp-content\/uploads\/2020\/08\/school-307641-300x251.png 300w, https:\/\/sedesur.unsa.edu.ar\/wp-content\/uploads\/2020\/08\/school-307641-1024x858.png 1024w, https:\/\/sedesur.unsa.edu.ar\/wp-content\/uploads\/2020\/08\/school-307641-768x643.png 768w, https:\/\/sedesur.unsa.edu.ar\/wp-content\/uploads\/2020\/08\/school-307641-1536x1286.png 1536w, https:\/\/sedesur.unsa.edu.ar\/wp-content\/uploads\/2020\/08\/school-307641.png 1920w\" sizes=\"(max-width: 322px) 100vw, 322px\" \/>\t\t\t\t\t\t\t\t\t\t\t\t\t\t\t<\/div>\n\t\t\t\t<\/div>\n\t\t\t\t<div class=\"elementor-element elementor-element-a063fd2 elementor-widget elementor-widget-heading\" data-id=\"a063fd2\" data-element_type=\"widget\" data-e-type=\"widget\" data-widget_type=\"heading.default\">\n\t\t\t\t<div class=\"elementor-widget-container\">\n\t\t\t\t\t<h3 class=\"elementor-heading-title elementor-size-default\">Profesorado en Matem\u00e1tica<\/h3>\t\t\t\t<\/div>\n\t\t\t\t<\/div>\n\t\t\t\t<div class=\"elementor-element elementor-element-8252445 elementor-widget elementor-widget-video\" data-id=\"8252445\" data-element_type=\"widget\" data-e-type=\"widget\" data-settings=\"{&quot;video_type&quot;:&quot;hosted&quot;,&quot;controls&quot;:&quot;yes&quot;}\" data-widget_type=\"video.default\">\n\t\t\t\t<div class=\"elementor-widget-container\">\n\t\t\t\t\t\t\t<div class=\"e-hosted-video elementor-wrapper elementor-open-inline\">\n\t\t\t\t\t<video class=\"elementor-video\" src=\"https:\/\/sedesur.unsa.edu.ar\/wp-content\/uploads\/2025\/12\/Profesorado-de-Matematica.mp4\" controls=\"\" preload=\"metadata\" controlsList=\"nodownload\"><\/video>\n\t\t\t\t<\/div>\n\t\t\t\t\t\t<\/div>\n\t\t\t\t<\/div>\n\t\t\t\t\t<\/div>\n\t\t<\/div>\n\t\t\t\t\t<\/div>\n\t\t<\/section>\n\t\t\t\t<section class=\"elementor-section elementor-top-section elementor-element elementor-element-37164a8 elementor-section-boxed elementor-section-height-default elementor-section-height-default\" data-id=\"37164a8\" data-element_type=\"section\" data-e-type=\"section\">\n\t\t\t\t\t\t<div class=\"elementor-container elementor-column-gap-default\">\n\t\t\t\t\t<div class=\"elementor-column elementor-col-100 elementor-top-column elementor-element elementor-element-6bf6f54\" data-id=\"6bf6f54\" data-element_type=\"column\" data-e-type=\"column\">\n\t\t\t<div class=\"elementor-widget-wrap elementor-element-populated\">\n\t\t\t\t\t\t<div class=\"elementor-element elementor-element-3fada2c elementor-widget elementor-widget-text-editor\" data-id=\"3fada2c\" data-element_type=\"widget\" data-e-type=\"widget\" data-widget_type=\"text-editor.default\">\n\t\t\t\t<div class=\"elementor-widget-container\">\n\t\t\t\t\t\t\t\t\t<h2><strong>Carreras dictadas en J.V Gonz\u00e1lez<\/strong><\/h2>\t\t\t\t\t\t\t\t<\/div>\n\t\t\t\t<\/div>\n\t\t\t\t\t<\/div>\n\t\t<\/div>\n\t\t\t\t\t<\/div>\n\t\t<\/section>\n\t\t\t\t<section class=\"elementor-section elementor-top-section elementor-element elementor-element-9af6121 elementor-section-boxed elementor-section-height-default elementor-section-height-default\" data-id=\"9af6121\" data-element_type=\"section\" data-e-type=\"section\">\n\t\t\t\t\t\t<div class=\"elementor-container elementor-column-gap-default\">\n\t\t\t\t\t<div class=\"elementor-column elementor-col-50 elementor-top-column elementor-element elementor-element-e1f486e\" data-id=\"e1f486e\" data-element_type=\"column\" data-e-type=\"column\">\n\t\t\t<div class=\"elementor-widget-wrap elementor-element-populated\">\n\t\t\t\t\t\t<div class=\"elementor-element elementor-element-ea5d8ef elementor-widget__width-initial elementor-widget elementor-widget-text-editor\" data-id=\"ea5d8ef\" data-element_type=\"widget\" data-e-type=\"widget\" data-widget_type=\"text-editor.default\">\n\t\t\t\t<div class=\"elementor-widget-container\">\n\t\t\t\t\t\t\t\t\t<p><img loading=\"lazy\" decoding=\"async\" class=\"alignnone size-full wp-image-2406\" src=\"https:\/\/sedesur.unsa.edu.ar\/wp-content\/uploads\/2021\/02\/PG.jpg\" alt=\"\" width=\"300\" height=\"169\" \/><\/p><p><a href=\"https:\/\/sedesur.unsa.edu.ar\/index.php\/tecnicatura-universitaria-en-sistemas-productivos-ganaderos\/\"><strong>Tecnicatura Universitaria en Sistemas Productivos Ganaderos<\/strong><\/a><\/p>\t\t\t\t\t\t\t\t<\/div>\n\t\t\t\t<\/div>\n\t\t\t\t<div class=\"elementor-element elementor-element-4887ddb elementor-widget elementor-widget-video\" data-id=\"4887ddb\" data-element_type=\"widget\" data-e-type=\"widget\" data-settings=\"{&quot;video_type&quot;:&quot;hosted&quot;,&quot;controls&quot;:&quot;yes&quot;}\" data-widget_type=\"video.default\">\n\t\t\t\t<div class=\"elementor-widget-container\">\n\t\t\t\t\t\t\t<div class=\"e-hosted-video elementor-wrapper elementor-open-inline\">\n\t\t\t\t\t<video class=\"elementor-video\" src=\"https:\/\/sedesur.unsa.edu.ar\/wp-content\/uploads\/2025\/12\/Tec.Univer.en-Sistemas-Productivos.mp4\" controls=\"\" preload=\"metadata\" controlsList=\"nodownload\"><\/video>\n\t\t\t\t<\/div>\n\t\t\t\t\t\t<\/div>\n\t\t\t\t<\/div>\n\t\t\t\t\t<\/div>\n\t\t<\/div>\n\t\t\t\t<div class=\"elementor-column elementor-col-50 elementor-top-column elementor-element elementor-element-3289929\" data-id=\"3289929\" data-element_type=\"column\" data-e-type=\"column\">\n\t\t\t<div class=\"elementor-widget-wrap\">\n\t\t\t\t\t\t\t<\/div>\n\t\t<\/div>\n\t\t\t\t\t<\/div>\n\t\t<\/section>\n\t\t\t\t<\/div>\n\t\t","protected":false},"excerpt":{"rendered":"<p>Met\u00e1n Ingenier\u00eda Agron\u00f3mica https:\/\/sedesur.unsa.edu.ar\/wp-content\/uploads\/2025\/12\/Ingenieria-Agronomica-.mp4 Tecnicatura Electr\u00f3nica Universitaria Tecnicatura Universitaria en Tecnolog\u00eda de Alimentos https:\/\/sedesur.unsa.edu.ar\/wp-content\/uploads\/2025\/12\/TUTA-.mp4 Carreras dictadas en Rosario de la Frontera Licenciatura en Administraci\u00f3n https:\/\/sedesur.unsa.edu.ar\/wp-content\/uploads\/2025\/12\/Lic.-en-Administracion.mp4 Profesorado en Matem\u00e1tica https:\/\/sedesur.unsa.edu.ar\/wp-content\/uploads\/2025\/12\/Profesorado-de-Matematica.mp4 Carreras dictadas en J.V Gonz\u00e1lez Tecnicatura Universitaria en Sistemas Productivos Ganaderos <a href=\"https:\/\/sedesur.unsa.edu.ar\/index.php\/carreras\/\" class=\"read-more\">Leer mas &#8230;<\/a><\/p>\n","protected":false},"author":1,"featured_media":0,"parent":0,"menu_order":0,"comment_status":"closed","ping_status":"closed","template":"","meta":{"footnotes":""},"class_list":["post-26","page","type-page","status-publish","hentry"],"_links":{"self":[{"href":"https:\/\/sedesur.unsa.edu.ar\/index.php\/wp-json\/wp\/v2\/pages\/26","targetHints":{"allow":["GET"]}}],"collection":[{"href":"https:\/\/sedesur.unsa.edu.ar\/index.php\/wp-json\/wp\/v2\/pages"}],"about":[{"href":"https:\/\/sedesur.unsa.edu.ar\/index.php\/wp-json\/wp\/v2\/types\/page"}],"author":[{"embeddable":true,"href":"https:\/\/sedesur.unsa.edu.ar\/index.php\/wp-json\/wp\/v2\/users\/1"}],"replies":[{"embeddable":true,"href":"https:\/\/sedesur.unsa.edu.ar\/index.php\/wp-json\/wp\/v2\/comments?post=26"}],"version-history":[{"count":35,"href":"https:\/\/sedesur.unsa.edu.ar\/index.php\/wp-json\/wp\/v2\/pages\/26\/revisions"}],"predecessor-version":[{"id":6302,"href":"https:\/\/sedesur.unsa.edu.ar\/index.php\/wp-json\/wp\/v2\/pages\/26\/revisions\/6302"}],"wp:attachment":[{"href":"https:\/\/sedesur.unsa.edu.ar\/index.php\/wp-json\/wp\/v2\/media?parent=26"}],"curies":[{"name":"wp","href":"https:\/\/api.w.org\/{rel}","templated":true}]}}